{"id":10919,"date":"2019-10-25T12:11:20","date_gmt":"2019-10-25T12:11:20","guid":{"rendered":"http:\/\/promologo.rs\/?page_id=10919"},"modified":"2021-01-05T12:33:34","modified_gmt":"2021-01-05T12:33:34","slug":"freshener-for-car","status":"publish","type":"page","link":"https:\/\/promologo.rs\/en\/freshener-for-car\/","title":{"rendered":"Freshener for car"},"content":{"rendered":"<p>[et_pb_section fb_built=&#8221;1&#8243; custom_padding_last_edited=&#8221;on|phone&#8221; _builder_version=&#8221;4.0.6&#8243; background_color=&#8221;#ffffff&#8221; use_background_color_gradient=&#8221;on&#8221; background_color_gradient_start=&#8221;#ffffff&#8221; background_color_gradient_end=&#8221;#F7F7F8&#8243; background_color_gradient_direction=&#8221;90deg&#8221; background_color_gradient_start_position=&#8221;50%&#8221; background_color_gradient_end_position=&#8221;50%&#8221; background_image=&#8221;http:\/\/media1.promologo.rs\/2019\/10\/ruka-manja.png&#8221; background_size=&#8221;initial&#8221; background_position=&#8221;bottom_right&#8221; custom_margin=&#8221;0px||||false|false&#8221; custom_padding=&#8221;118px||0px||false|false&#8221; custom_padding_tablet=&#8221;50px||||false|false&#8221; custom_padding_phone=&#8221;50px||||false|false&#8221; top_divider_style=&#8221;waves2&#8243; top_divider_color=&#8221;rgba(0,24,53,0.79)&#8221; top_divider_height=&#8221;21px&#8221; background_last_edited=&#8221;on|desktop&#8221; background_enable_image_tablet=&#8221;off&#8221;][et_pb_row column_structure=&#8221;1_4,1_4,1_4,1_4&#8243; disabled_on=&#8221;off|off|on&#8221; module_class=&#8221;two_on_mob&#8221; _builder_version=&#8221;4.0.7&#8243; custom_padding=&#8221;0px||0px|||&#8221;][et_pb_column type=&#8221;1_4&#8243; _builder_version=&#8221;4.0.7&#8243;][et_pb_image src=&#8221;http:\/\/media1.promologo.rs\/2019\/12\/engleska-zastavica.jpg&#8221; url=&#8221;https:\/\/promologo.rs\/freshener-for-car\/?lang=en&#8221; _builder_version=&#8221;4.0.7&#8243; width=&#8221;15%&#8221; module_alignment=&#8221;center&#8221; border_radii=&#8221;on|5px|5px|5px|5px&#8221;][\/et_pb_image][\/et_pb_column][et_pb_column type=&#8221;1_4&#8243; _builder_version=&#8221;4.0.7&#8243;][et_pb_image src=&#8221;http:\/\/media1.promologo.rs\/2019\/12\/srpska-zastava.jpg&#8221; url=&#8221;https:\/\/promologo.rs\/osvezivaci-za-auto\/&#8221; _builder_version=&#8221;4.0.7&#8243; width=&#8221;15%&#8221; module_alignment=&#8221;center&#8221; border_radii=&#8221;on|5px|5px|5px|5px&#8221;][\/et_pb_image][\/et_pb_column][et_pb_column type=&#8221;1_4&#8243; _builder_version=&#8221;4.0.7&#8243;][\/et_pb_column][et_pb_column type=&#8221;1_4&#8243; _builder_version=&#8221;4.0.7&#8243;][\/et_pb_column][\/et_pb_row][et_pb_row use_custom_gutter=&#8221;on&#8221; make_equal=&#8221;on&#8221; _builder_version=&#8221;4.0.4&#8243; background_size=&#8221;initial&#8221; background_position=&#8221;top_left&#8221; background_repeat=&#8221;repeat&#8221; max_width=&#8221;1440px&#8221; module_alignment=&#8221;center&#8221; custom_margin=&#8221;-2px|auto|-4px|auto|false|false&#8221; custom_padding=&#8221;17px||17px||true|&#8221; custom_css_main_element=&#8221;align-items: center;&#8221; use_custom_width=&#8221;on&#8221; custom_width_px=&#8221;1440px&#8221; gutter_width__hover_enabled=&#8221;on|desktop&#8221; gutter_width__hover=&#8221;3&#8243;][et_pb_column type=&#8221;4_4&#8243; _builder_version=&#8221;4.0.4&#8243; custom_padding=&#8221;|||&#8221; custom_padding__hover=&#8221;|||&#8221;][et_pb_text admin_label=&#8221;Heading h2&#8243; _builder_version=&#8221;4.0.9&#8243; text_font_size=&#8221;51px&#8221; header_font=&#8221;|||on|||||&#8221; header_font_size=&#8221;40px&#8221; header_2_font=&#8221;Ovo||||||||&#8221; header_2_text_align=&#8221;left&#8221; header_2_text_color=&#8221;#000000&#8243; header_2_font_size=&#8221;48px&#8221; header_2_letter_spacing=&#8221;2px&#8221; header_2_line_height=&#8221;1.2em&#8221; header_3_font=&#8221;Montserrat||||||||&#8221; header_3_text_align=&#8221;center&#8221; header_3_text_color=&#8221;#001835&#8243; header_3_font_size=&#8221;60px&#8221; custom_margin=&#8221;-14px||0px|||&#8221; header_2_font_size_tablet=&#8221;42px&#8221; header_2_font_size_phone=&#8221;35px&#8221; header_2_font_size_last_edited=&#8221;on|tablet&#8221; header_3_font_size_tablet=&#8221;&#8221; header_3_font_size_phone=&#8221;0.6em&#8221; header_3_font_size_last_edited=&#8221;on|phone&#8221;]<\/p>\n<h1 style=\"text-align: left;\"><strong>Freshener for car<\/strong><\/h1>\n<p>[\/et_pb_text][et_pb_divider color=&#8221;#8ADD25&#8243; divider_weight=&#8221;5px&#8221; _builder_version=&#8221;4.0.4&#8243; width=&#8221;90%&#8221; module_alignment=&#8221;left&#8221; custom_margin=&#8221;||11px|||&#8221;][\/et_pb_divider][et_pb_button button_url=&#8221;#auto&#8221; button_text=&#8221;Check out our products&#8221; button_alignment=&#8221;center&#8221; admin_label=&#8221;Purple Button (.inline-button)&#8221; module_class=&#8221;inline-button&#8221; _builder_version=&#8221;4.0.5&#8243; custom_button=&#8221;on&#8221; button_text_size=&#8221;16px&#8221; button_text_color=&#8221;#ffffff&#8221; button_bg_color=&#8221;#001835&#8243; button_border_width=&#8221;0px&#8221; button_border_color=&#8221;#a287f4&#8243; button_border_radius=&#8221;60px&#8221; button_letter_spacing=&#8221;0.6px&#8221; button_font=&#8221;Muli|700||on|||||&#8221; button_use_icon=&#8221;off&#8221; custom_margin=&#8221;10px|10px|10px|10px|true|true&#8221; custom_padding=&#8221;9px|20px|9px|20px|true|true&#8221; custom_css_main_element=&#8221;min-width: 160px;||text-align: center;&#8221; button_text_color__hover_enabled=&#8221;on|hover&#8221; button_text_color__hover=&#8221;#ffffff&#8221; button_bg_color__hover_enabled=&#8221;on|hover&#8221; button_bg_color__hover=&#8221;#8add25&#8243; button_border_color__hover_enabled=&#8221;on&#8221; button_border_color__hover=&#8221;#815cf0&#8243; button_bg_enable_color__hover=&#8221;on&#8221;][\/et_pb_button][\/et_pb_column][\/et_pb_row][\/et_pb_section][et_pb_section fb_built=&#8221;1&#8243; _builder_version=&#8221;4.0.4&#8243; use_background_color_gradient=&#8221;on&#8221; background_color_gradient_start=&#8221;#ffffff&#8221; background_color_gradient_end=&#8221;#F7F7F8&#8243; background_color_gradient_direction=&#8221;90deg&#8221; background_color_gradient_start_position=&#8221;50%&#8221; background_color_gradient_end_position=&#8221;50%&#8221; custom_padding=&#8221;40px|||||&#8221;][et_pb_row column_structure=&#8221;1_4,1_4,1_4,1_4&#8243; module_id=&#8221;auto&#8221; _builder_version=&#8221;4.0.5&#8243; custom_padding=&#8221;3px|||||&#8221;][et_pb_column type=&#8221;1_4&#8243; _builder_version=&#8221;4.0.4&#8243;][et_pb_text _builder_version=&#8221;4.0.6&#8243; text_font=&#8221;Montserrat||||||||&#8221; text_text_color=&#8221;#001835&#8243; text_line_height=&#8221;0.6em&#8221; custom_margin=&#8221;||6px|||&#8221;]<\/p>\n<p style=\"text-align: center;\">View our gallery<\/p>\n<p style=\"text-align: center;\"><strong>promo fresh<\/strong><\/p>\n<p style=\"text-align: center;\"><strong><\/strong><\/p>\n<p>[\/et_pb_text][et_pb_gallery gallery_ids=&#8221;12777,12910,12912,12914,12916,12918,12920&#8243; posts_number=&#8221;1&#8243; show_title_and_caption=&#8221;off&#8221; show_pagination=&#8221;off&#8221; zoom_icon_color=&#8221;rgba(0,0,0,0)&#8221; hover_overlay_color=&#8221;rgba(138,221,37,0.85)&#8221; _builder_version=&#8221;4.0.5&#8243; border_radii=&#8221;on|15px|15px|15px|15px&#8221; border_width_all=&#8221;5px&#8221; border_color_all=&#8221;#8ADD25&#8243;][\/et_pb_gallery][et_pb_text _builder_version=&#8221;4.3.1&#8243; text_font=&#8221;Montserrat||||||||&#8221; text_text_color=&#8221;#001835&#8243; text_line_height=&#8221;0.6em&#8221; custom_margin=&#8221;-30px||6px||false|false&#8221;]<\/p>\n<p style=\"text-align: center;\">View our gallery<\/p>\n<p style=\"text-align: center;\"><strong>freshener for car<\/strong><\/p>\n<p style=\"text-align: center;\"><strong><\/strong><\/p>\n<p>[\/et_pb_text][et_pb_gallery gallery_ids=&#8221;12367&#8243; posts_number=&#8221;1&#8243; orientation=&#8221;portrait&#8221; show_title_and_caption=&#8221;off&#8221; show_pagination=&#8221;off&#8221; zoom_icon_color=&#8221;rgba(0,0,0,0)&#8221; hover_overlay_color=&#8221;rgba(0,24,53,0.86)&#8221; _builder_version=&#8221;4.0.6&#8243; module_alignment=&#8221;center&#8221; custom_margin=&#8221;0px||0px||false|false&#8221; border_radii=&#8221;on|15px|15px|15px|15px&#8221; border_width_all=&#8221;5px&#8221; border_color_all=&#8221;#001835&#8243; border_width_all_image=&#8221;5px&#8221; border_color_all_image=&#8221;#001835&#8243;][\/et_pb_gallery][\/et_pb_column][et_pb_column type=&#8221;1_4&#8243; _builder_version=&#8221;4.0.4&#8243;][et_pb_text _builder_version=&#8221;4.0.6&#8243; text_font=&#8221;Montserrat||||||||&#8221; text_text_color=&#8221;#001835&#8243; text_line_height=&#8221;0.6em&#8221; custom_margin=&#8221;||6px|||&#8221;]<\/p>\n<p style=\"text-align: center;\">View our gallery<\/p>\n<p style=\"text-align: center;\"><strong>freshener for car<\/strong><\/p>\n<p style=\"text-align: center;\"><strong><\/strong><\/p>\n<p>[\/et_pb_text][et_pb_gallery gallery_ids=&#8221;12361&#8243; posts_number=&#8221;1&#8243; orientation=&#8221;portrait&#8221; show_title_and_caption=&#8221;off&#8221; show_pagination=&#8221;off&#8221; zoom_icon_color=&#8221;rgba(0,0,0,0)&#8221; hover_overlay_color=&#8221;rgba(0,24,53,0.86)&#8221; _builder_version=&#8221;4.0.6&#8243; module_alignment=&#8221;center&#8221; custom_margin=&#8221;0px||0px||false|false&#8221; border_radii=&#8221;on|15px|15px|15px|15px&#8221; border_width_all=&#8221;5px&#8221; border_color_all=&#8221;#001835&#8243; border_width_all_image=&#8221;5px&#8221; border_color_all_image=&#8221;#001835&#8243;][\/et_pb_gallery][et_pb_text _builder_version=&#8221;4.0.6&#8243; text_font=&#8221;Montserrat||||||||&#8221; text_text_color=&#8221;#001835&#8243; text_line_height=&#8221;0.6em&#8221; custom_margin=&#8221;||6px|||&#8221;]<\/p>\n<p style=\"text-align: center;\">View our gallery<\/p>\n<p style=\"text-align: center;\"><strong>freshener for car<\/strong><\/p>\n<p style=\"text-align: center;\"><strong><\/strong><\/p>\n<p>[\/et_pb_text][et_pb_gallery gallery_ids=&#8221;12369&#8243; show_title_and_caption=&#8221;off&#8221; show_pagination=&#8221;off&#8221; zoom_icon_color=&#8221;rgba(0,0,0,0)&#8221; hover_overlay_color=&#8221;rgba(138,221,37,0.85)&#8221; hover_icon=&#8221;%%0%%&#8221; _builder_version=&#8221;4.0.5&#8243; pagination_text_color=&#8221;#000000&#8243; width=&#8221;100%&#8221; max_width=&#8221;100%&#8221; border_radii=&#8221;on|15px|15px|15px|15px&#8221; border_width_all=&#8221;5px&#8221; border_color_all=&#8221;#8ADD25&#8243;][\/et_pb_gallery][\/et_pb_column][et_pb_column type=&#8221;1_4&#8243; _builder_version=&#8221;4.0.4&#8243;][et_pb_text _builder_version=&#8221;4.0.6&#8243; text_font=&#8221;Montserrat||||||||&#8221; text_text_color=&#8221;#001835&#8243; text_line_height=&#8221;0.6em&#8221; custom_margin=&#8221;||6px|||&#8221;]<\/p>\n<p style=\"text-align: center;\">View our gallery<\/p>\n<p style=\"text-align: center;\"><strong>freshener for car<\/strong><\/p>\n<p style=\"text-align: center;\"><strong><\/strong><\/p>\n<p>[\/et_pb_text][et_pb_gallery gallery_ids=&#8221;12363&#8243; posts_number=&#8221;1&#8243; show_title_and_caption=&#8221;off&#8221; show_pagination=&#8221;off&#8221; zoom_icon_color=&#8221;rgba(0,0,0,0)&#8221; hover_overlay_color=&#8221;rgba(138,221,37,0.85)&#8221; _builder_version=&#8221;4.0.5&#8243; border_radii=&#8221;on|15px|15px|15px|15px&#8221; border_width_all=&#8221;5px&#8221; border_color_all=&#8221;#8ADD25&#8243;][\/et_pb_gallery][et_pb_text _builder_version=&#8221;4.3.1&#8243; text_font=&#8221;Montserrat||||||||&#8221; text_text_color=&#8221;#001835&#8243; text_line_height=&#8221;0.6em&#8221; custom_margin=&#8221;-31px||6px||false|false&#8221;]<\/p>\n<p style=\"text-align: center;\">View our gallery<\/p>\n<p style=\"text-align: center;\"><strong>freshener for car<\/strong><\/p>\n<p style=\"text-align: center;\"><strong><\/strong><\/p>\n<p>[\/et_pb_text][et_pb_gallery gallery_ids=&#8221;12365&#8243; posts_number=&#8221;1&#8243; orientation=&#8221;portrait&#8221; show_title_and_caption=&#8221;off&#8221; show_pagination=&#8221;off&#8221; zoom_icon_color=&#8221;rgba(0,0,0,0)&#8221; hover_overlay_color=&#8221;rgba(0,24,53,0.86)&#8221; _builder_version=&#8221;4.0.5&#8243; module_alignment=&#8221;center&#8221; custom_margin=&#8221;0px||0px||false|false&#8221; border_radii=&#8221;on|15px|15px|15px|15px&#8221; border_width_all=&#8221;5px&#8221; border_color_all=&#8221;#001835&#8243; border_width_all_image=&#8221;5px&#8221; border_color_all_image=&#8221;#001835&#8243;][\/et_pb_gallery][\/et_pb_column][et_pb_column type=&#8221;1_4&#8243; _builder_version=&#8221;4.0.4&#8243;][et_pb_text _builder_version=&#8221;4.0.6&#8243; text_font=&#8221;Montserrat||||||||&#8221; text_text_color=&#8221;#001835&#8243; text_line_height=&#8221;0.6em&#8221; custom_margin=&#8221;||6px|||&#8221;]<\/p>\n<p style=\"text-align: center;\">View our gallery<\/p>\n<p style=\"text-align: center;\"><strong>freshener for car<\/strong><\/p>\n<p style=\"text-align: center;\"><strong><\/strong><\/p>\n<p>[\/et_pb_text][et_pb_gallery gallery_ids=&#8221;12359&#8243; posts_number=&#8221;1&#8243; orientation=&#8221;portrait&#8221; show_title_and_caption=&#8221;off&#8221; show_pagination=&#8221;off&#8221; zoom_icon_color=&#8221;rgba(0,0,0,0)&#8221; hover_overlay_color=&#8221;rgba(0,24,53,0.86)&#8221; _builder_version=&#8221;4.0.5&#8243; module_alignment=&#8221;center&#8221; custom_margin=&#8221;0px||0px||false|false&#8221; border_radii=&#8221;on|15px|15px|15px|15px&#8221; border_width_all=&#8221;5px&#8221; border_color_all=&#8221;#001835&#8243; border_width_all_image=&#8221;5px&#8221; border_color_all_image=&#8221;#001835&#8243;][\/et_pb_gallery][et_pb_text _builder_version=&#8221;4.0.9&#8243; text_font=&#8221;Montserrat||||||||&#8221; text_text_color=&#8221;#001835&#8243; text_line_height=&#8221;0.6em&#8221; custom_margin=&#8221;||6px|||&#8221;]<\/p>\n<p style=\"text-align: center;\">View our gallery<\/p>\n<p style=\"text-align: center;\"><strong><span lang=\"en\" tabindex=\"0\">available shapes<\/span><\/strong><\/p>\n<p style=\"text-align: center;\"><strong><\/strong><\/p>\n<p>[\/et_pb_text][et_pb_gallery gallery_ids=&#8221;13563,13565,13567,13569,13571,13573,13575,13577,13579,13581,13583,13585,13587,13589,13591&#8243; posts_number=&#8221;1&#8243; show_title_and_caption=&#8221;off&#8221; show_pagination=&#8221;off&#8221; zoom_icon_color=&#8221;rgba(0,0,0,0)&#8221; hover_overlay_color=&#8221;rgba(138,221,37,0.85)&#8221; hover_icon=&#8221;%%0%%&#8221; _builder_version=&#8221;4.0.9&#8243; pagination_text_color=&#8221;#000000&#8243; width=&#8221;100%&#8221; max_width=&#8221;100%&#8221; border_radii=&#8221;on|15px|15px|15px|15px&#8221; border_width_all=&#8221;5px&#8221; border_color_all=&#8221;#8ADD25&#8243;][\/et_pb_gallery][\/et_pb_column][\/et_pb_row][\/et_pb_section]<\/p>\n","protected":false},"excerpt":{"rendered":"<p>Freshener for carView our gallery promo fresh View our gallery freshener for car View our gallery freshener for car View our gallery freshener for car View our gallery freshener for car View our gallery freshener for car View our gallery freshener for car View our gallery available shapes<\/p>\n","protected":false},"author":5,"featured_media":22792,"parent":0,"menu_order":0,"comment_status":"closed","ping_status":"closed","template":"","meta":{"_et_pb_use_builder":"on","_et_pb_old_content":"<!-- wp:divi\/placeholder \/-->","_et_gb_content_width":"","footnotes":""},"class_list":["post-10919","page","type-page","status-publish","has-post-thumbnail","hentry"],"yoast_head":"<!-- This site is optimized with the Yoast SEO plugin v27.6 - https:\/\/yoast.com\/product\/yoast-seo-wordpress\/ -->\n<title>Freshener for car | Promo Logo<\/title>\n<meta name=\"robots\" content=\"index, follow, max-snippet:-1, max-image-preview:large, max-video-preview:-1\" \/>\n<link rel=\"canonical\" href=\"https:\/\/promologo.rs\/freshener-for-car\/?lang=en\" \/>\n<meta property=\"og:locale\" content=\"en_US\" \/>\n<meta property=\"og:type\" content=\"article\" \/>\n<meta property=\"og:title\" content=\"Freshener for car | Promo Logo\" \/>\n<meta property=\"og:description\" content=\"&nbsp;&nbsp;Build better website designs!This is an example of a demo website using one of our custom designed Divi layout packs. Sign up for the Aspen Grove Studios membership to use this and other Divi layout packs in your Divi web designs.&nbsp;Our ServicesWhy ChooseUsThis is a Divi blurb module. Use images or icons with short pieces [&hellip;]\" \/>\n<meta property=\"og:url\" content=\"https:\/\/promologo.rs\/freshener-for-car\/?lang=en\" \/>\n<meta property=\"og:site_name\" content=\"Promo Logo\" \/>\n<meta property=\"article:publisher\" content=\"https:\/\/www.facebook.com\/PromoLogo\/\" \/>\n<meta property=\"article:modified_time\" content=\"2021-01-05T12:33:34+00:00\" \/>\n<meta property=\"og:image\" content=\"https:\/\/i0.wp.com\/media1.promologo.rs\/2022\/04\/Osvezivaci-za-auto-1550-\u00d7-800-px.jpg?fit=1550%2C800&ssl=1\" \/>\n\t<meta property=\"og:image:width\" content=\"1550\" \/>\n\t<meta property=\"og:image:height\" content=\"800\" \/>\n\t<meta property=\"og:image:type\" content=\"image\/jpeg\" \/>\n<meta name=\"twitter:card\" content=\"summary_large_image\" \/>\n<meta name=\"twitter:label1\" content=\"Est. reading time\" \/>\n\t<meta name=\"twitter:data1\" content=\"7 minutes\" \/>\n<script type=\"application\/ld+json\" class=\"yoast-schema-graph\">{\"@context\":\"https:\\\/\\\/schema.org\",\"@graph\":[{\"@type\":\"WebPage\",\"@id\":\"https:\\\/\\\/promologo.rs\\\/freshener-for-car\\\/?lang=en\",\"url\":\"https:\\\/\\\/promologo.rs\\\/freshener-for-car\\\/?lang=en\",\"name\":\"Freshener for car | Promo Logo\",\"isPartOf\":{\"@id\":\"https:\\\/\\\/promologo.rs\\\/?lang=en\\\/#website\"},\"primaryImageOfPage\":{\"@id\":\"https:\\\/\\\/promologo.rs\\\/freshener-for-car\\\/?lang=en#primaryimage\"},\"image\":{\"@id\":\"https:\\\/\\\/promologo.rs\\\/freshener-for-car\\\/?lang=en#primaryimage\"},\"thumbnailUrl\":\"https:\\\/\\\/media1.promologo.rs\\\/2022\\\/04\\\/Osvezivaci-za-auto-1550-\u00d7-800-px.jpg\",\"datePublished\":\"2019-10-25T12:11:20+00:00\",\"dateModified\":\"2021-01-05T12:33:34+00:00\",\"breadcrumb\":{\"@id\":\"https:\\\/\\\/promologo.rs\\\/freshener-for-car\\\/?lang=en#breadcrumb\"},\"inLanguage\":\"en-US\",\"potentialAction\":[{\"@type\":\"ReadAction\",\"target\":[\"https:\\\/\\\/promologo.rs\\\/freshener-for-car\\\/?lang=en\"]}]},{\"@type\":\"ImageObject\",\"inLanguage\":\"en-US\",\"@id\":\"https:\\\/\\\/promologo.rs\\\/freshener-for-car\\\/?lang=en#primaryimage\",\"url\":\"https:\\\/\\\/media1.promologo.rs\\\/2022\\\/04\\\/Osvezivaci-za-auto-1550-\u00d7-800-px.jpg\",\"contentUrl\":\"https:\\\/\\\/media1.promologo.rs\\\/2022\\\/04\\\/Osvezivaci-za-auto-1550-\u00d7-800-px.jpg\",\"width\":1550,\"height\":800,\"caption\":\"\u017delite da Vam napravimo unikatan osve\u017eiva\u010d za auto na pravom ste mestu. Imamo puno oblika i modela koji su odmah spremni za proizvodnju. Ali ako Vam nijedan ne odgovara mo\u017eete nam predlo\u017eiti neki novi oblik koji \u0107e zadovoljiti Va\u0161e standarde. Ako nemate gotovo idejno re\u0161enje imamo dizajnere koji \u0107e to uraditi za Vas.\"},{\"@type\":\"BreadcrumbList\",\"@id\":\"https:\\\/\\\/promologo.rs\\\/freshener-for-car\\\/?lang=en#breadcrumb\",\"itemListElement\":[{\"@type\":\"ListItem\",\"position\":1,\"name\":\"Home\",\"item\":\"https:\\\/\\\/promologo.rs\\\/?lang=en\"},{\"@type\":\"ListItem\",\"position\":2,\"name\":\"Freshener for car\"}]},{\"@type\":\"WebSite\",\"@id\":\"https:\\\/\\\/promologo.rs\\\/?lang=en\\\/#website\",\"url\":\"https:\\\/\\\/promologo.rs\\\/?lang=en\\\/\",\"name\":\"Promo Logo\",\"description\":\"Gifts &amp; souvenir\",\"publisher\":{\"@id\":\"https:\\\/\\\/promologo.rs\\\/?lang=en\\\/#organization\"},\"potentialAction\":[{\"@type\":\"SearchAction\",\"target\":{\"@type\":\"EntryPoint\",\"urlTemplate\":\"https:\\\/\\\/promologo.rs\\\/?lang=en\\\/?s={search_term_string}\"},\"query-input\":{\"@type\":\"PropertyValueSpecification\",\"valueRequired\":true,\"valueName\":\"search_term_string\"}}],\"inLanguage\":\"en-US\"},{\"@type\":\"Organization\",\"@id\":\"https:\\\/\\\/promologo.rs\\\/?lang=en\\\/#organization\",\"name\":\"Promo Logo d.o.o\",\"url\":\"https:\\\/\\\/promologo.rs\\\/?lang=en\\\/\",\"logo\":{\"@type\":\"ImageObject\",\"inLanguage\":\"en-US\",\"@id\":\"https:\\\/\\\/promologo.rs\\\/?lang=en\\\/#\\\/schema\\\/logo\\\/image\\\/\",\"url\":\"http:\\\/\\\/media1.promologo.rs\\\/2021\\\/01\\\/logo-fin-tamno-plava.jpg\",\"contentUrl\":\"http:\\\/\\\/media1.promologo.rs\\\/2021\\\/01\\\/logo-fin-tamno-plava.jpg\",\"width\":261,\"height\":37,\"caption\":\"Promo Logo d.o.o\"},\"image\":{\"@id\":\"https:\\\/\\\/promologo.rs\\\/?lang=en\\\/#\\\/schema\\\/logo\\\/image\\\/\"},\"sameAs\":[\"https:\\\/\\\/www.facebook.com\\\/PromoLogo\\\/\",\"https:\\\/\\\/www.instagram.com\\\/promo.logo.bg\\\/\"]}]}<\/script>\n<!-- \/ Yoast SEO plugin. -->","yoast_head_json":{"title":"Freshener for car | Promo Logo","robots":{"index":"index","follow":"follow","max-snippet":"max-snippet:-1","max-image-preview":"max-image-preview:large","max-video-preview":"max-video-preview:-1"},"canonical":"https:\/\/promologo.rs\/freshener-for-car\/?lang=en","og_locale":"en_US","og_type":"article","og_title":"Freshener for car | Promo Logo","og_description":"&nbsp;&nbsp;Build better website designs!This is an example of a demo website using one of our custom designed Divi layout packs. Sign up for the Aspen Grove Studios membership to use this and other Divi layout packs in your Divi web designs.&nbsp;Our ServicesWhy ChooseUsThis is a Divi blurb module. Use images or icons with short pieces [&hellip;]","og_url":"https:\/\/promologo.rs\/freshener-for-car\/?lang=en","og_site_name":"Promo Logo","article_publisher":"https:\/\/www.facebook.com\/PromoLogo\/","article_modified_time":"2021-01-05T12:33:34+00:00","og_image":[{"width":1550,"height":800,"url":"https:\/\/i0.wp.com\/media1.promologo.rs\/2022\/04\/Osvezivaci-za-auto-1550-\u00d7-800-px.jpg?fit=1550%2C800&ssl=1","type":"image\/jpeg"}],"twitter_card":"summary_large_image","twitter_misc":{"Est. reading time":"7 minutes"},"schema":{"@context":"https:\/\/schema.org","@graph":[{"@type":"WebPage","@id":"https:\/\/promologo.rs\/freshener-for-car\/?lang=en","url":"https:\/\/promologo.rs\/freshener-for-car\/?lang=en","name":"Freshener for car | Promo Logo","isPartOf":{"@id":"https:\/\/promologo.rs\/?lang=en\/#website"},"primaryImageOfPage":{"@id":"https:\/\/promologo.rs\/freshener-for-car\/?lang=en#primaryimage"},"image":{"@id":"https:\/\/promologo.rs\/freshener-for-car\/?lang=en#primaryimage"},"thumbnailUrl":"https:\/\/media1.promologo.rs\/2022\/04\/Osvezivaci-za-auto-1550-\u00d7-800-px.jpg","datePublished":"2019-10-25T12:11:20+00:00","dateModified":"2021-01-05T12:33:34+00:00","breadcrumb":{"@id":"https:\/\/promologo.rs\/freshener-for-car\/?lang=en#breadcrumb"},"inLanguage":"en-US","potentialAction":[{"@type":"ReadAction","target":["https:\/\/promologo.rs\/freshener-for-car\/?lang=en"]}]},{"@type":"ImageObject","inLanguage":"en-US","@id":"https:\/\/promologo.rs\/freshener-for-car\/?lang=en#primaryimage","url":"https:\/\/media1.promologo.rs\/2022\/04\/Osvezivaci-za-auto-1550-\u00d7-800-px.jpg","contentUrl":"https:\/\/media1.promologo.rs\/2022\/04\/Osvezivaci-za-auto-1550-\u00d7-800-px.jpg","width":1550,"height":800,"caption":"\u017delite da Vam napravimo unikatan osve\u017eiva\u010d za auto na pravom ste mestu. Imamo puno oblika i modela koji su odmah spremni za proizvodnju. Ali ako Vam nijedan ne odgovara mo\u017eete nam predlo\u017eiti neki novi oblik koji \u0107e zadovoljiti Va\u0161e standarde. Ako nemate gotovo idejno re\u0161enje imamo dizajnere koji \u0107e to uraditi za Vas."},{"@type":"BreadcrumbList","@id":"https:\/\/promologo.rs\/freshener-for-car\/?lang=en#breadcrumb","itemListElement":[{"@type":"ListItem","position":1,"name":"Home","item":"https:\/\/promologo.rs\/?lang=en"},{"@type":"ListItem","position":2,"name":"Freshener for car"}]},{"@type":"WebSite","@id":"https:\/\/promologo.rs\/?lang=en\/#website","url":"https:\/\/promologo.rs\/?lang=en\/","name":"Promo Logo","description":"Gifts &amp; souvenir","publisher":{"@id":"https:\/\/promologo.rs\/?lang=en\/#organization"},"potentialAction":[{"@type":"SearchAction","target":{"@type":"EntryPoint","urlTemplate":"https:\/\/promologo.rs\/?lang=en\/?s={search_term_string}"},"query-input":{"@type":"PropertyValueSpecification","valueRequired":true,"valueName":"search_term_string"}}],"inLanguage":"en-US"},{"@type":"Organization","@id":"https:\/\/promologo.rs\/?lang=en\/#organization","name":"Promo Logo d.o.o","url":"https:\/\/promologo.rs\/?lang=en\/","logo":{"@type":"ImageObject","inLanguage":"en-US","@id":"https:\/\/promologo.rs\/?lang=en\/#\/schema\/logo\/image\/","url":"http:\/\/media1.promologo.rs\/2021\/01\/logo-fin-tamno-plava.jpg","contentUrl":"http:\/\/media1.promologo.rs\/2021\/01\/logo-fin-tamno-plava.jpg","width":261,"height":37,"caption":"Promo Logo d.o.o"},"image":{"@id":"https:\/\/promologo.rs\/?lang=en\/#\/schema\/logo\/image\/"},"sameAs":["https:\/\/www.facebook.com\/PromoLogo\/","https:\/\/www.instagram.com\/promo.logo.bg\/"]}]}},"_links":{"self":[{"href":"https:\/\/promologo.rs\/en\/wp-json\/wp\/v2\/pages\/10919","targetHints":{"allow":["GET"]}}],"collection":[{"href":"https:\/\/promologo.rs\/en\/wp-json\/wp\/v2\/pages"}],"about":[{"href":"https:\/\/promologo.rs\/en\/wp-json\/wp\/v2\/types\/page"}],"author":[{"embeddable":true,"href":"https:\/\/promologo.rs\/en\/wp-json\/wp\/v2\/users\/5"}],"replies":[{"embeddable":true,"href":"https:\/\/promologo.rs\/en\/wp-json\/wp\/v2\/comments?post=10919"}],"version-history":[{"count":30,"href":"https:\/\/promologo.rs\/en\/wp-json\/wp\/v2\/pages\/10919\/revisions"}],"predecessor-version":[{"id":21887,"href":"https:\/\/promologo.rs\/en\/wp-json\/wp\/v2\/pages\/10919\/revisions\/21887"}],"wp:featuredmedia":[{"embeddable":true,"href":"https:\/\/promologo.rs\/en\/wp-json\/wp\/v2\/media\/22792"}],"wp:attachment":[{"href":"https:\/\/promologo.rs\/en\/wp-json\/wp\/v2\/media?parent=10919"}],"curies":[{"name":"wp","href":"https:\/\/api.w.org\/{rel}","templated":true}]}}